{"id":9447,"date":"2025-11-16T10:35:53","date_gmt":"2025-11-16T10:35:53","guid":{"rendered":"https:\/\/photomontpix.com\/?page_id=9447"},"modified":"2025-11-18T10:00:49","modified_gmt":"2025-11-18T10:00:49","slug":"behind-the-scenes","status":"publish","type":"page","link":"https:\/\/photomontpix.com\/fr\/behind-the-scenes\/","title":{"rendered":"Dans les coulisses"},"content":{"rendered":"<section class=\"l-section wpb_row height_small width_custom color_footer-bottom with_img with_shape\" style=\"--site-content-width:1200px;\"><div class=\"l-section-img\" role=\"img\" aria-label=\"Image\" data-img-width=\"2560\" data-img-height=\"1707\" style=\"background-image: url(https:\/\/photomontpix.com\/wp-content\/uploads\/2025\/11\/IMG_1493-scaled.webp);\"><\/div><div class=\"l-section-overlay\" style=\"background:rgba(0,0,0,0.74)\"><\/div><div class=\"l-section-shape type_custom pos_bottom\" style=\"height:50px;\"><svg xmlns=\"http:\/\/www.w3.org\/2000\/svg\" viewbox=\"0 0 64 8\" preserveaspectratio=\"none\" width=\"100%\" height=\"100%\">\r\n\t<path fill=\"currentColor\" d=\"M64 8 L0 8 L0 0 L64 0 Z\"\/>\r\n<\/svg><\/div><div class=\"l-section-h i-cf\"><div class=\"g-cols vc_row via_grid cols_1 laptops-cols_inherit tablets-cols_inherit mobiles-cols_1 valign_top type_default stacking_default\"><div class=\"wpb_column vc_column_container\"><div class=\"vc_column-inner\"><div class=\"w-separator size_huge\"><\/div><div class=\"w-text us_custom_0f55b13f has_text_color\"><span class=\"w-text-h\"><span class=\"w-text-value\">\ud83c\udf1f Dans les coulisses \ud83c\udf1f<\/span><\/span><\/div><div class=\"w-separator size_small\"><\/div><h1 class=\"w-text us_custom_6bdad273 has_text_color\"><span class=\"w-text-h\"><span class=\"w-text-value\">L\u00e0 o\u00f9 la magie de l'enfance prend vie<\/span><\/span><\/h1><div class=\"w-separator size_medium\"><\/div><div class=\"w-separator size_large\"><\/div><\/div><\/div><\/div><\/div><\/section><section class=\"l-section wpb_row height_custom\"><div class=\"l-section-h i-cf\"><div class=\"g-cols vc_row via_grid cols_1 laptops-cols_inherit tablets-cols_inherit mobiles-cols_1 valign_top type_default stacking_default\"><div class=\"wpb_column vc_column_container\"><div class=\"vc_column-inner\"><div class=\"w-video align_none ratio_16x9\"><div class=\"w-video-h\"><video  preload=\"metadata\" playsinline controls autoplay><source type=\"video\/mp4\" src=\"https:\/\/photomontpix.com\/wp-content\/uploads\/2025\/11\/IMG_1568.mp4\" \/><\/video><\/div><\/div><\/div><\/div><\/div><\/div><\/section><section class=\"l-section wpb_row height_custom\"><div class=\"l-section-h i-cf\"><div class=\"g-cols vc_row via_grid cols_1 laptops-cols_inherit tablets-cols_inherit mobiles-cols_1 valign_top type_default stacking_default\" style=\"--columns-gap:0rem;\"><div class=\"wpb_column vc_column_container\"><div class=\"vc_column-inner\"><div class=\"wpb_text_column\"><div class=\"wpb_wrapper\"><h2 style=\"text-align: center;\">Pourquoi nous choisir ?<\/h2>\n<\/div><\/div><div class=\"w-separator size_large\"><\/div><div class=\"g-cols wpb_row via_grid cols_2 laptops-cols_inherit tablets-cols_1 mobiles-cols_1 valign_middle type_default stacking_default\" style=\"--columns-gap:3rem;\"><div class=\"wpb_column vc_column_container\"><div class=\"vc_column-inner\"><div class=\"w-iconbox iconpos_left style_default color_primary align_left\"><div class=\"w-iconbox-icon\" style=\"font-size:50px;\"><i class=\"fas fa-fas fa-parachute-box\"><\/i><\/div><div class=\"w-iconbox-meta\"><h4 class=\"w-iconbox-title\">Mises en sc\u00e8ne ludiques et sourires authentiques<\/h4><div class=\"w-iconbox-text\"><p>On laisse les enfants \u00eatre des enfants. <br \/>Curieux, un peu fous, d\u00e9sordonn\u00e9s et merveilleusement eux-m\u00eames.<\/p>\n<\/div><\/div><\/div><div class=\"w-separator size_large\"><\/div><div class=\"w-iconbox iconpos_left style_default color_primary align_left\"><div class=\"w-iconbox-icon\" style=\"font-size:50px;\"><i class=\"fas fa-fas fa-planet-moon\"><\/i><\/div><div class=\"w-iconbox-meta\"><h4 class=\"w-iconbox-title\">Capturer les moments authentiques<\/h4><div class=\"w-iconbox-text\"><p>On capte tout <br \/>naturellement et en douceur.<\/p>\n<\/div><\/div><\/div><div class=\"w-separator size_large\"><\/div><div class=\"w-iconbox iconpos_left style_default color_primary align_left\"><div class=\"w-iconbox-icon\" style=\"font-size:50px;\"><i class=\"fas fa-fas fa-socks\"><\/i><\/div><div class=\"w-iconbox-meta\"><h4 class=\"w-iconbox-title\">Un environnement s\u00e9curitaire et agr\u00e9able<\/h4><div class=\"w-iconbox-text\"><p>Avec des couvertures douces, des accessoires adapt\u00e9s aux enfants et une ambiance tranquille, les enfants se sentent vite chez eux.<\/p>\n<\/div><\/div><\/div><\/div><\/div><div class=\"wpb_column vc_column_container\"><div class=\"vc_column-inner\"><div class=\"w-video align_none ratio_9x16\"><div class=\"w-video-h\"><video  preload=\"metadata\" playsinline controls><source type=\"video\/mp4\" src=\"https:\/\/photomontpix.com\/wp-content\/uploads\/2025\/11\/Behind-the-scenes-1.mp4\" \/><\/video><\/div><\/div><\/div><\/div><\/div><\/div><\/div><\/div><\/div><\/section>","protected":false},"excerpt":{"rendered":"\ud83c\udf1f Behind the Scenes \ud83c\udf1fWhere the Magic of Childhood Comes to LifeWhy Choose Us? Playful Setups &#038; Real SmilesWe let kids be kids curious, silly, messy, and wonderfully themselves. Capturing the Authentic MomentsWe capture it all naturally and gently. A Safe &#038; Happy EnvironmentWith soft blankets, child-friendly props, and a calm atmosphere, kids quickly feel...","protected":false},"author":1,"featured_media":0,"parent":0,"menu_order":0,"comment_status":"closed","ping_status":"closed","template":"","meta":{"_acf_changed":false,"footnotes":""},"class_list":["post-9447","page","type-page","status-publish","hentry"],"acf":[],"_links":{"self":[{"href":"https:\/\/photomontpix.com\/fr\/wp-json\/wp\/v2\/pages\/9447","targetHints":{"allow":["GET"]}}],"collection":[{"href":"https:\/\/photomontpix.com\/fr\/wp-json\/wp\/v2\/pages"}],"about":[{"href":"https:\/\/photomontpix.com\/fr\/wp-json\/wp\/v2\/types\/page"}],"author":[{"embeddable":true,"href":"https:\/\/photomontpix.com\/fr\/wp-json\/wp\/v2\/users\/1"}],"replies":[{"embeddable":true,"href":"https:\/\/photomontpix.com\/fr\/wp-json\/wp\/v2\/comments?post=9447"}],"version-history":[{"count":8,"href":"https:\/\/photomontpix.com\/fr\/wp-json\/wp\/v2\/pages\/9447\/revisions"}],"predecessor-version":[{"id":9480,"href":"https:\/\/photomontpix.com\/fr\/wp-json\/wp\/v2\/pages\/9447\/revisions\/9480"}],"wp:attachment":[{"href":"https:\/\/photomontpix.com\/fr\/wp-json\/wp\/v2\/media?parent=9447"}],"curies":[{"name":"wp","href":"https:\/\/api.w.org\/{rel}","templated":true}]}}