{"id":9439,"date":"2025-11-16T10:02:16","date_gmt":"2025-11-16T10:02:16","guid":{"rendered":"https:\/\/photomontpix.com\/?page_id=9439"},"modified":"2025-11-16T10:21:36","modified_gmt":"2025-11-16T10:21:36","slug":"authorization","status":"publish","type":"page","link":"https:\/\/photomontpix.com\/fr\/authorization\/","title":{"rendered":"FORMULAIRE D\u2019AUTORISATION ET DE DIFFUSION DE PHOTOGRAPHIES"},"content":{"rendered":"<section class=\"l-section wpb_row us_custom_ae99f6aa has_text_color height_medium\"><div class=\"l-section-overlay\" style=\"background:linear-gradient(0deg,rgba(255,255,255,0.85),#ffffff)\"><\/div><div class=\"l-section-h i-cf\"><div class=\"g-cols vc_row via_grid cols_1 laptops-cols_inherit tablets-cols_inherit mobiles-cols_1 valign_middle type_default stacking_default\"><div class=\"wpb_column vc_column_container\"><div class=\"vc_column-inner\"><div class=\"wpb_text_column us_custom_e1926715 has_text_color\"><div class=\"wpb_wrapper\"><h3 style=\"text-align: center;\"><strong>FORMULAIRE D'AUTORISATION DE PUBLICATION DE PHOTOS<\/strong><\/h3>\n<\/div><\/div><div class=\"w-separator size_small\"><\/div><div class=\"wpb_text_column us_custom_4be959c4 has_text_color\"><div class=\"wpb_wrapper\"><p style=\"text-align: center;\">Tirez parti des occasions les plus faciles \u00e0 saisir pour identifier une valeur.<\/p>\n<\/div><\/div><div class=\"w-separator size_medium\"><\/div><\/div><\/div><\/div><\/div><\/section><section class=\"l-section wpb_row us_custom_f1cfdc35 height_custom width_custom\" style=\"--site-content-width:700px;\"><div class=\"l-section-h i-cf\"><div class=\"g-cols vc_row via_grid cols_1 laptops-cols_inherit tablets-cols_inherit mobiles-cols_1 valign_top type_default stacking_default\"><div class=\"wpb_column vc_column_container us_custom_7a1518a4 has_bg_color\"><div class=\"vc_column-inner\"><div class=\"wpb_text_column\"><div class=\"wpb_wrapper\"><h5 style=\"text-align: center;\">FORMULAIRE D\u2019AUTORISATION ET DE DIFFUSION DE PHOTOGRAPHIES<\/h5>\n<p style=\"text-align: center;\">Photographe : Samane Barjasteh Delforooz \/ Photomontpix<br \/>\nAdresse : 324 Place Lesage, J7A 4S5<br \/>\nCourriel : photomont2024@gmail.com\nT\u00e9l\u00e9phone : 438-994-7549<\/p>\n<p style=\"text-align: left;\">Nom de l\u2019enfant : ___________________________<br \/>\nNom du\/de la parent(e)\/tuteur(trice) : ___________________________<br \/>\nDate de la s\u00e9ance : ___________________________<\/p>\n<p style=\"text-align: center;\"><strong>Autorisation<\/strong><\/p>\n<p style=\"text-align: center;\">Moi, parent ou tuteur l\u00e9gal soussign\u00e9(e), autorise par la pr\u00e9sente Samane Barjasteh Delforooz \/ Photomontpix \u00e0 utiliser les photographies prises de mon (mes) enfant(s) lors de la s\u00e9ance photo \u00e0 Photomontpix \/ 324 Place Lesage, J7A 4S5 aux fins suivantes :<\/p>\n<ul>\n<li style=\"text-align: left;\">Affichage sur le site web de la photographe<\/li>\n<li style=\"text-align: left;\">Publication sur les comptes de r\u00e9seaux sociaux de la photographe, y compris Instagram<\/li>\n<li style=\"text-align: left;\">Mat\u00e9riel de marketing, de publicit\u00e9 et de promotion<\/li>\n<\/ul>\n<p style=\"text-align: center;\">Je comprends que ces photographies pourront \u00eatre utilis\u00e9es publiquement et je renonce \u00e0 tout droit d\u2019inspecter ou d\u2019approuver les images finales, ainsi que l\u2019utilisation qui pourra en \u00eatre faite.<\/p>\n<p style=\"text-align: center;\"><strong>Confidentialit\u00e9<\/strong><\/p>\n<p style=\"text-align: center;\">Je comprends que la photographe traitera toutes les images de mani\u00e8re professionnelle et dans le respect de la vie priv\u00e9e. Aucune information personnelle concernant l\u2019enfant ou la famille ne sera publi\u00e9e sans un consentement s\u00e9par\u00e9.<\/p>\n<p style=\"text-align: center;\"><strong>D\u00e9charge<\/strong><\/p>\n<p style=\"text-align: center;\">Je d\u00e9gage Samane Barjasteh Delforooz \/ Photomontpix de toute responsabilit\u00e9 ou r\u00e9clamation r\u00e9sultant de l\u2019utilisation de ces photographies.<\/p>\n<\/div><\/div><\/div><\/div><\/div><\/div><\/section>","protected":false},"excerpt":{"rendered":"PHOTO RELEASE &amp; AUTHORIZATION FORM Capitalize on low hanging fruit to identify a value. PHOTO RELEASE AND AUTHORIZATION FORM Photographer: Samane Barjasteh Delforooz \/ Photomontpix Address: 324 Place lesage, J7A 4S5 Email: photomont2024@gmail.com\u00a0 \u00a0 \u00a0 \u00a0Phone: 438-994 7549 Child\u2019s Name: ___________________________ Parent\/Guardian Name(s): ___________________________ Date of Session: ___________________________ Authorization I, the undersigned parent or legal...","protected":false},"author":1,"featured_media":0,"parent":0,"menu_order":0,"comment_status":"closed","ping_status":"closed","template":"","meta":{"_acf_changed":false,"footnotes":""},"class_list":["post-9439","page","type-page","status-publish","hentry"],"acf":[],"_links":{"self":[{"href":"https:\/\/photomontpix.com\/fr\/wp-json\/wp\/v2\/pages\/9439","targetHints":{"allow":["GET"]}}],"collection":[{"href":"https:\/\/photomontpix.com\/fr\/wp-json\/wp\/v2\/pages"}],"about":[{"href":"https:\/\/photomontpix.com\/fr\/wp-json\/wp\/v2\/types\/page"}],"author":[{"embeddable":true,"href":"https:\/\/photomontpix.com\/fr\/wp-json\/wp\/v2\/users\/1"}],"replies":[{"embeddable":true,"href":"https:\/\/photomontpix.com\/fr\/wp-json\/wp\/v2\/comments?post=9439"}],"version-history":[{"count":4,"href":"https:\/\/photomontpix.com\/fr\/wp-json\/wp\/v2\/pages\/9439\/revisions"}],"predecessor-version":[{"id":9443,"href":"https:\/\/photomontpix.com\/fr\/wp-json\/wp\/v2\/pages\/9439\/revisions\/9443"}],"wp:attachment":[{"href":"https:\/\/photomontpix.com\/fr\/wp-json\/wp\/v2\/media?parent=9439"}],"curies":[{"name":"wp","href":"https:\/\/api.w.org\/{rel}","templated":true}]}}