{"id":9423,"date":"2025-11-11T09:22:23","date_gmt":"2025-11-11T09:22:23","guid":{"rendered":"https:\/\/photomontpix.com\/?page_id=9423"},"modified":"2025-11-11T10:14:37","modified_gmt":"2025-11-11T10:14:37","slug":"packages","status":"publish","type":"page","link":"https:\/\/photomontpix.com\/fr\/packages\/","title":{"rendered":"Forfaits"},"content":{"rendered":"<section class=\"l-section wpb_row height_medium color_secondary with_img parallax_ver\"><div class=\"l-section-img\" role=\"img\" aria-label=\"Image\" data-img-width=\"2560\" data-img-height=\"1707\" style=\"background-image: url(https:\/\/photomontpix.com\/wp-content\/uploads\/2025\/11\/IMG_1493-scaled.webp);\"><\/div><div class=\"l-section-overlay\" style=\"background:linear-gradient(90deg,#000,rgba(0,0,0,0.00))\"><\/div><div class=\"l-section-h i-cf\"><div class=\"g-cols vc_row via_grid cols_1 laptops-cols_inherit tablets-cols_1 mobiles-cols_1 valign_top type_default reversed stacking_default\" style=\"--columns-gap:0rem;\"><div class=\"wpb_column vc_column_container us_custom_fd43344c\"><div class=\"vc_column-inner\"><div class=\"w-separator size_small\"><\/div><h1 class=\"w-text us_custom_842faaf7\"><span class=\"w-text-h\"><span class=\"w-text-value\">Trouvez le forfait photo parfait pour vous<\/span><\/span><\/h1><div class=\"w-hwrapper valign_middle wrap align_none\" style=\"--hwrapper-gap:3rem\"><\/div><\/div><\/div><\/div><\/div><\/section><section class=\"l-section wpb_row height_custom\"><div class=\"l-section-h i-cf\"><div class=\"g-cols vc_row via_grid cols_2-3 laptops-cols_1-2 tablets-cols_1 mobiles-cols_1 valign_middle type_default stacking_default\" style=\"--columns-gap:2rem;\"><div data-us-scroll=\"{&quot;from_initial_position&quot;:&quot;0&quot;,&quot;start_position&quot;:&quot;0%&quot;,&quot;end_position&quot;:&quot;100%&quot;,&quot;delay&quot;:&quot;0.1s&quot;,&quot;translate_y_direction&quot;:&quot;up&quot;,&quot;translate_y_speed&quot;:&quot;0.5x&quot;}\" class=\"wpb_column vc_column_container has_scroll_effects has_translate_y\"><div class=\"vc_column-inner\"><div class=\"w-iconbox iconpos_top style_default color_primary align_left no_text no_title\"><div class=\"w-iconbox-icon\" style=\"font-size:80px;\"><i class=\"fas fa-birthday-cake\"><\/i><\/div><div class=\"w-iconbox-meta\"><\/div><\/div><div class=\"w-separator size_small\"><\/div><div class=\"wpb_text_column us_custom_3c634c4e\"><div class=\"wpb_wrapper\"><h2>Anniversaires et moments de joie en famille<\/h2>\n<p>&nbsp;<\/p>\n<\/div><\/div><div class=\"w-separator size_small\"><\/div><\/div><\/div><div class=\"wpb_column vc_column_container\"><div class=\"vc_column-inner\"><div class=\"g-cols wpb_row via_grid cols_2 laptops-cols_inherit tablets-cols_inherit mobiles-cols_1 valign_top type_default stacking_default\" style=\"--columns-gap:1rem;\"><div data-us-scroll=\"{&quot;from_initial_position&quot;:&quot;0&quot;,&quot;start_position&quot;:&quot;0%&quot;,&quot;end_position&quot;:&quot;100%&quot;,&quot;delay&quot;:&quot;0.1s&quot;,&quot;translate_y_direction&quot;:&quot;up&quot;,&quot;translate_y_speed&quot;:&quot;0.5x&quot;}\" class=\"wpb_column vc_column_container us_custom_42144e5a has_text_color has_scroll_effects has_translate_y has_bg_color\"><div class=\"vc_column-inner\"><div class=\"w-separator size_huge\"><\/div><h3 class=\"w-text us_custom_910a86bf\"><span class=\"w-text-h\"><span class=\"w-text-value\">Forfait \u00abPetite \u00c9tincelle\u00bb<\/span><\/span><\/h3><div class=\"w-separator size_small\"><\/div><div class=\"w-hwrapper valign_baseline wrap align_none\" style=\"--hwrapper-gap:0rem\"><div class=\"w-text us_custom_4d606ea2\"><span class=\"w-text-h\"><span class=\"w-text-value\">$170<\/span><\/span><\/div><\/div><div class=\"w-separator size_small\"><\/div><div class=\"wpb_text_column\"><div class=\"wpb_wrapper\"><p>Une s\u00e9ance courte, joyeuse et pleine de rires d\u2019anniversaire.<\/p>\n<\/div><\/div><div class=\"w-separator size_small\"><\/div><div class=\"w-btn-wrapper align_none\"><a class=\"w-btn us-btn-style_4\" href=\"https:\/\/photomontpix.com\/fr\/pages\/contact\/\"><span class=\"w-btn-label\">contact<\/span><\/a><\/div><div class=\"w-separator size_huge\"><\/div><\/div><\/div><div data-us-scroll=\"{&quot;from_initial_position&quot;:&quot;0&quot;,&quot;start_position&quot;:&quot;0%&quot;,&quot;end_position&quot;:&quot;100%&quot;,&quot;delay&quot;:&quot;0.1s&quot;,&quot;translate_y_direction&quot;:&quot;up&quot;,&quot;translate_y_speed&quot;:&quot;0.3x&quot;}\" class=\"wpb_column vc_column_container us_custom_809978c7 has_text_color has_scroll_effects has_translate_y has_bg_color\"><div class=\"vc_column-inner\"><div class=\"w-separator size_huge\"><\/div><h3 class=\"w-text us_custom_910a86bf\"><span class=\"w-text-h\"><span class=\"w-text-value\">Forfait \u00abG\u00e2teau &amp; Magie\u00bb<\/span><\/span><\/h3><div class=\"w-separator size_small\"><\/div><div class=\"w-hwrapper valign_baseline wrap align_none\" style=\"--hwrapper-gap:0rem\"><div class=\"w-text us_custom_c0a58e6e\"><span class=\"w-text-h\"><span class=\"w-text-value\">$260<\/span><\/span><\/div><\/div><div class=\"w-separator size_small\"><\/div><div class=\"wpb_text_column\"><div class=\"wpb_wrapper\"><p>Quand les confettis se m\u00ealent \u00e0 la joie infinie<\/p>\n<p>&nbsp;<\/p>\n<\/div><\/div><div class=\"w-separator size_small\"><\/div><div class=\"w-btn-wrapper align_none\"><a class=\"w-btn us-btn-style_4\" href=\"https:\/\/photomontpix.com\/fr\/pages\/contact\/\"><span class=\"w-btn-label\">contact<\/span><\/a><\/div><div class=\"w-separator size_huge\"><\/div><\/div><\/div><\/div><\/div><\/div><\/div><\/div><\/section><section class=\"l-section wpb_row height_custom\"><div class=\"l-section-h i-cf\"><div class=\"g-cols vc_row via_grid cols_2-3 laptops-cols_1-2 tablets-cols_1 mobiles-cols_1 valign_middle type_default stacking_default\" style=\"--columns-gap:2rem;\"><div data-us-scroll=\"{&quot;from_initial_position&quot;:&quot;0&quot;,&quot;start_position&quot;:&quot;0%&quot;,&quot;end_position&quot;:&quot;100%&quot;,&quot;delay&quot;:&quot;0.1s&quot;,&quot;translate_y_direction&quot;:&quot;up&quot;,&quot;translate_y_speed&quot;:&quot;0.5x&quot;}\" class=\"wpb_column vc_column_container has_scroll_effects has_translate_y\"><div class=\"vc_column-inner\"><div class=\"w-iconbox iconpos_top style_default color_primary align_left no_text no_title\"><div class=\"w-iconbox-icon\" style=\"font-size:80px;\"><i class=\"fas fa-home\"><\/i><\/div><div class=\"w-iconbox-meta\"><\/div><\/div><div class=\"w-separator size_small\"><\/div><div class=\"wpb_text_column us_custom_3c634c4e\"><div class=\"wpb_wrapper\"><h2>Journ\u00e9es en Famille \u2013 Ensemble<\/h2>\n<p>&nbsp;<\/p>\n<\/div><\/div><div class=\"w-separator size_small\"><\/div><\/div><\/div><div class=\"wpb_column vc_column_container\"><div class=\"vc_column-inner\"><div class=\"g-cols wpb_row via_grid cols_2 laptops-cols_inherit tablets-cols_inherit mobiles-cols_1 valign_top type_default stacking_default\" style=\"--columns-gap:1rem;\"><div data-us-scroll=\"{&quot;from_initial_position&quot;:&quot;0&quot;,&quot;start_position&quot;:&quot;0%&quot;,&quot;end_position&quot;:&quot;100%&quot;,&quot;delay&quot;:&quot;0.1s&quot;,&quot;translate_y_direction&quot;:&quot;up&quot;,&quot;translate_y_speed&quot;:&quot;0.5x&quot;}\" class=\"wpb_column vc_column_container us_custom_42144e5a has_text_color has_scroll_effects has_translate_y has_bg_color\"><div class=\"vc_column-inner\"><div class=\"w-separator size_huge\"><\/div><h3 class=\"w-text us_custom_910a86bf\"><span class=\"w-text-h\"><span class=\"w-text-value\">Forfait \u00abEnsemble\u00bb<\/span><\/span><\/h3><div class=\"w-separator size_small\"><\/div><div class=\"w-hwrapper valign_baseline wrap align_none\" style=\"--hwrapper-gap:0rem\"><div class=\"w-text us_custom_4d606ea2\"><span class=\"w-text-h\"><span class=\"w-text-value\">$170<\/span><\/span><\/div><\/div><div class=\"w-separator size_small\"><\/div><div class=\"wpb_text_column\"><div class=\"wpb_wrapper\"><p>Immortaliser l\u2019amour, les rires et la joie d\u2019\u00eatre r\u00e9unis<\/p>\n<\/div><\/div><div class=\"w-separator size_small\"><\/div><div class=\"w-btn-wrapper align_none\"><a class=\"w-btn us-btn-style_4\" href=\"https:\/\/photomontpix.com\/fr\/pages\/contact\/\"><span class=\"w-btn-label\">contact<\/span><\/a><\/div><div class=\"w-separator size_huge\"><\/div><\/div><\/div><div data-us-scroll=\"{&quot;from_initial_position&quot;:&quot;0&quot;,&quot;start_position&quot;:&quot;0%&quot;,&quot;end_position&quot;:&quot;100%&quot;,&quot;delay&quot;:&quot;0.1s&quot;,&quot;translate_y_direction&quot;:&quot;up&quot;,&quot;translate_y_speed&quot;:&quot;0.3x&quot;}\" class=\"wpb_column vc_column_container us_custom_809978c7 has_text_color has_scroll_effects has_translate_y has_bg_color\"><div class=\"vc_column-inner\"><div class=\"w-separator size_huge\"><\/div><h3 class=\"w-text us_custom_910a86bf\"><span class=\"w-text-h\"><span class=\"w-text-value\">Forfait \u00abFamille pour Toujours\u00bb<\/span><\/span><\/h3><div class=\"w-separator size_small\"><\/div><div class=\"w-hwrapper valign_baseline wrap align_none\" style=\"--hwrapper-gap:0rem\"><div class=\"w-text us_custom_c0a58e6e\"><span class=\"w-text-h\"><span class=\"w-text-value\">$260<\/span><\/span><\/div><\/div><div class=\"w-separator size_small\"><\/div><div class=\"wpb_text_column\"><div class=\"wpb_wrapper\"><p>Pour que chaque instant en famille devienne \u00e9ternel<\/p>\n<p>&nbsp;<\/p>\n<\/div><\/div><div class=\"w-separator size_small\"><\/div><div class=\"w-btn-wrapper align_none\"><a class=\"w-btn us-btn-style_4\" href=\"https:\/\/photomontpix.com\/fr\/pages\/contact\/\"><span class=\"w-btn-label\">contact<\/span><\/a><\/div><div class=\"w-separator size_huge\"><\/div><\/div><\/div><\/div><\/div><\/div><\/div><\/div><\/section><section class=\"l-section wpb_row height_custom\"><div class=\"l-section-h i-cf\"><div class=\"g-cols vc_row via_grid cols_2-3 laptops-cols_1-2 tablets-cols_1 mobiles-cols_1 valign_middle type_default stacking_default\" style=\"--columns-gap:2rem;\"><div data-us-scroll=\"{&quot;from_initial_position&quot;:&quot;0&quot;,&quot;start_position&quot;:&quot;0%&quot;,&quot;end_position&quot;:&quot;100%&quot;,&quot;delay&quot;:&quot;0.1s&quot;,&quot;translate_y_direction&quot;:&quot;up&quot;,&quot;translate_y_speed&quot;:&quot;0.5x&quot;}\" class=\"wpb_column vc_column_container has_scroll_effects has_translate_y\"><div class=\"vc_column-inner\"><div class=\"w-iconbox iconpos_top style_default color_primary align_left no_text no_title\"><div class=\"w-iconbox-icon\" style=\"font-size:80px;\"><i class=\"fas fa-baby\"><\/i><\/div><div class=\"w-iconbox-meta\"><\/div><\/div><div class=\"w-separator size_small\"><\/div><div class=\"wpb_text_column us_custom_3c634c4e\"><div class=\"wpb_wrapper\"><h2>Petits r\u00eaves, amour infini<\/h2>\n<p>&nbsp;<\/p>\n<\/div><\/div><div class=\"w-separator size_small\"><\/div><\/div><\/div><div class=\"wpb_column vc_column_container\"><div class=\"vc_column-inner\"><div class=\"g-cols wpb_row via_grid cols_2 laptops-cols_inherit tablets-cols_inherit mobiles-cols_1 valign_top type_default stacking_default\" style=\"--columns-gap:1rem;\"><div data-us-scroll=\"{&quot;from_initial_position&quot;:&quot;0&quot;,&quot;start_position&quot;:&quot;0%&quot;,&quot;end_position&quot;:&quot;100%&quot;,&quot;delay&quot;:&quot;0.1s&quot;,&quot;translate_y_direction&quot;:&quot;up&quot;,&quot;translate_y_speed&quot;:&quot;0.5x&quot;}\" class=\"wpb_column vc_column_container us_custom_42144e5a has_text_color has_scroll_effects has_translate_y has_bg_color\"><div class=\"vc_column-inner\"><div class=\"w-separator size_huge\"><\/div><h3 class=\"w-text us_custom_910a86bf\"><span class=\"w-text-h\"><span class=\"w-text-value\">Forfait \u00abPetit R\u00eave\u00bb<\/span><\/span><\/h3><div class=\"w-separator size_small\"><\/div><div class=\"w-hwrapper valign_baseline wrap align_none\" style=\"--hwrapper-gap:0rem\"><div class=\"w-text us_custom_4d606ea2\"><span class=\"w-text-h\"><span class=\"w-text-value\">$170<\/span><\/span><\/div><\/div><div class=\"w-separator size_small\"><\/div><div class=\"wpb_text_column\"><div class=\"wpb_wrapper\"><p>Douce lumi\u00e8re, minuscules pieds, amour infini<\/p>\n<\/div><\/div><div class=\"w-separator size_small\"><\/div><div class=\"w-btn-wrapper align_none\"><a class=\"w-btn us-btn-style_4\" href=\"https:\/\/photomontpix.com\/fr\/pages\/contact\/\"><span class=\"w-btn-label\">contact<\/span><\/a><\/div><div class=\"w-separator size_huge\"><\/div><\/div><\/div><div data-us-scroll=\"{&quot;from_initial_position&quot;:&quot;0&quot;,&quot;start_position&quot;:&quot;0%&quot;,&quot;end_position&quot;:&quot;100%&quot;,&quot;delay&quot;:&quot;0.1s&quot;,&quot;translate_y_direction&quot;:&quot;up&quot;,&quot;translate_y_speed&quot;:&quot;0.3x&quot;}\" class=\"wpb_column vc_column_container us_custom_809978c7 has_text_color has_scroll_effects has_translate_y has_bg_color\"><div class=\"vc_column-inner\"><div class=\"w-separator size_huge\"><\/div><h3 class=\"w-text us_custom_910a86bf\"><span class=\"w-text-h\"><span class=\"w-text-value\">Forfait \u00abBonheur Pur\u00bb<\/span><\/span><\/h3><div class=\"w-separator size_small\"><\/div><div class=\"w-hwrapper valign_baseline wrap align_none\" style=\"--hwrapper-gap:0rem\"><div class=\"w-text us_custom_c0a58e6e\"><span class=\"w-text-h\"><span class=\"w-text-value\">$260<\/span><\/span><\/div><\/div><div class=\"w-separator size_small\"><\/div><div class=\"wpb_text_column\"><div class=\"wpb_wrapper\"><p>Un r\u00e9cit artistique c\u00e9l\u00e9brant les nouveaux d\u00e9parts<\/p>\n<p>&nbsp;<\/p>\n<\/div><\/div><div class=\"w-separator size_small\"><\/div><div class=\"w-btn-wrapper align_none\"><a class=\"w-btn us-btn-style_4\" href=\"https:\/\/photomontpix.com\/fr\/pages\/contact\/\"><span class=\"w-btn-label\">contact<\/span><\/a><\/div><div class=\"w-separator size_huge\"><\/div><\/div><\/div><\/div><\/div><\/div><\/div><\/div><\/section><section class=\"l-section wpb_row height_custom\"><div class=\"l-section-h i-cf\"><div class=\"g-cols vc_row via_grid cols_2-3 laptops-cols_1-2 tablets-cols_1 mobiles-cols_1 valign_middle type_default stacking_default\" style=\"--columns-gap:2rem;\"><div data-us-scroll=\"{&quot;from_initial_position&quot;:&quot;0&quot;,&quot;start_position&quot;:&quot;0%&quot;,&quot;end_position&quot;:&quot;100%&quot;,&quot;delay&quot;:&quot;0.1s&quot;,&quot;translate_y_direction&quot;:&quot;up&quot;,&quot;translate_y_speed&quot;:&quot;0.5x&quot;}\" class=\"wpb_column vc_column_container has_scroll_effects has_translate_y\"><div class=\"vc_column-inner\"><div class=\"w-iconbox iconpos_top style_default color_primary align_left no_text no_title\"><div class=\"w-iconbox-icon\" style=\"font-size:80px;\"><i class=\"fas fa-tree\"><\/i><\/div><div class=\"w-iconbox-meta\"><\/div><\/div><div class=\"w-separator size_small\"><\/div><div class=\"wpb_text_column us_custom_3c634c4e\"><div class=\"wpb_wrapper\"><h2>Chaque saison, un nouveau sourire<\/h2>\n<p>&nbsp;<\/p>\n<\/div><\/div><div class=\"w-separator size_small\"><\/div><\/div><\/div><div class=\"wpb_column vc_column_container\"><div class=\"vc_column-inner\"><div class=\"g-cols wpb_row via_grid cols_2 laptops-cols_inherit tablets-cols_inherit mobiles-cols_1 valign_top type_default stacking_default\" style=\"--columns-gap:1rem;\"><div data-us-scroll=\"{&quot;from_initial_position&quot;:&quot;0&quot;,&quot;start_position&quot;:&quot;0%&quot;,&quot;end_position&quot;:&quot;100%&quot;,&quot;delay&quot;:&quot;0.1s&quot;,&quot;translate_y_direction&quot;:&quot;up&quot;,&quot;translate_y_speed&quot;:&quot;0.5x&quot;}\" class=\"wpb_column vc_column_container us_custom_42144e5a has_text_color has_scroll_effects has_translate_y has_bg_color\"><div class=\"vc_column-inner\"><div class=\"w-separator size_huge\"><\/div><h3 class=\"w-text us_custom_910a86bf\"><span class=\"w-text-h\"><span class=\"w-text-value\">Forfait \u00abPetites Saisons\u00bb<\/span><\/span><\/h3><div class=\"w-separator size_small\"><\/div><div class=\"w-hwrapper valign_baseline wrap align_none\" style=\"--hwrapper-gap:0rem\"><div class=\"w-text us_custom_4d606ea2\"><span class=\"w-text-h\"><span class=\"w-text-value\">$170<\/span><\/span><\/div><\/div><div class=\"w-separator size_small\"><\/div><div class=\"wpb_text_column\"><div class=\"wpb_wrapper\"><p>Chaque saison nous offre une nouvelle raison de sourire.<\/p>\n<\/div><\/div><div class=\"w-separator size_small\"><\/div><div class=\"w-btn-wrapper align_none\"><a class=\"w-btn us-btn-style_4\" href=\"https:\/\/photomontpix.com\/fr\/pages\/contact\/\"><span class=\"w-btn-label\">contact<\/span><\/a><\/div><div class=\"w-separator size_huge\"><\/div><\/div><\/div><div data-us-scroll=\"{&quot;from_initial_position&quot;:&quot;0&quot;,&quot;start_position&quot;:&quot;0%&quot;,&quot;end_position&quot;:&quot;100%&quot;,&quot;delay&quot;:&quot;0.1s&quot;,&quot;translate_y_direction&quot;:&quot;up&quot;,&quot;translate_y_speed&quot;:&quot;0.3x&quot;}\" class=\"wpb_column vc_column_container us_custom_809978c7 has_text_color has_scroll_effects has_translate_y has_bg_color\"><div class=\"vc_column-inner\"><div class=\"w-separator size_huge\"><\/div><h3 class=\"w-text us_custom_910a86bf\"><span class=\"w-text-h\"><span class=\"w-text-value\">Forfait \u00abSaisons Dor\u00e9es\u00bb<\/span><\/span><\/h3><div class=\"w-separator size_small\"><\/div><div class=\"w-hwrapper valign_baseline wrap align_none\" style=\"--hwrapper-gap:0rem\"><div class=\"w-text us_custom_c0a58e6e\"><span class=\"w-text-h\"><span class=\"w-text-value\">$260<\/span><\/span><\/div><\/div><div class=\"w-separator size_small\"><\/div><div class=\"wpb_text_column\"><div class=\"wpb_wrapper\"><p>Les teintes de la saison, des souvenirs \u00e9ternels<\/p>\n<p>&nbsp;<\/p>\n<\/div><\/div><div class=\"w-separator size_small\"><\/div><div class=\"w-btn-wrapper align_none\"><a class=\"w-btn us-btn-style_4\" href=\"https:\/\/photomontpix.com\/fr\/pages\/contact\/\"><span class=\"w-btn-label\">contact<\/span><\/a><\/div><div class=\"w-separator size_huge\"><\/div><\/div><\/div><\/div><\/div><\/div><\/div><\/div><\/section><section class=\"l-section wpb_row height_custom\"><div class=\"l-section-h i-cf\"><div class=\"g-cols vc_row via_grid cols_2-3 laptops-cols_1-2 tablets-cols_1 mobiles-cols_1 valign_middle type_default stacking_default\" style=\"--columns-gap:2rem;\"><div data-us-scroll=\"{&quot;from_initial_position&quot;:&quot;0&quot;,&quot;start_position&quot;:&quot;0%&quot;,&quot;end_position&quot;:&quot;100%&quot;,&quot;delay&quot;:&quot;0.1s&quot;,&quot;translate_y_direction&quot;:&quot;up&quot;,&quot;translate_y_speed&quot;:&quot;0.5x&quot;}\" class=\"wpb_column vc_column_container has_scroll_effects has_translate_y\"><div class=\"vc_column-inner\"><div class=\"w-iconbox iconpos_top style_default color_primary align_left no_text no_title\"><div class=\"w-iconbox-icon\" style=\"font-size:80px;\"><i class=\"fas fa-child\"><\/i><\/div><div class=\"w-iconbox-meta\"><\/div><\/div><div class=\"w-separator size_small\"><\/div><div class=\"wpb_text_column us_custom_3c634c4e\"><div class=\"wpb_wrapper\"><h2>Petits explorateurs, \u00e9motions intenses, joie pure<\/h2>\n<p>&nbsp;<\/p>\n<\/div><\/div><div class=\"w-separator size_small\"><\/div><\/div><\/div><div class=\"wpb_column vc_column_container\"><div class=\"vc_column-inner\"><div class=\"g-cols wpb_row via_grid cols_2 laptops-cols_inherit tablets-cols_inherit mobiles-cols_1 valign_top type_default stacking_default\" style=\"--columns-gap:1rem;\"><div data-us-scroll=\"{&quot;from_initial_position&quot;:&quot;0&quot;,&quot;start_position&quot;:&quot;0%&quot;,&quot;end_position&quot;:&quot;100%&quot;,&quot;delay&quot;:&quot;0.1s&quot;,&quot;translate_y_direction&quot;:&quot;up&quot;,&quot;translate_y_speed&quot;:&quot;0.5x&quot;}\" class=\"wpb_column vc_column_container us_custom_42144e5a has_text_color has_scroll_effects has_translate_y has_bg_color\"><div class=\"vc_column-inner\"><div class=\"w-separator size_huge\"><\/div><h3 class=\"w-text us_custom_910a86bf\"><span class=\"w-text-h\"><span class=\"w-text-value\">Forfait \u00abPetits Pas\u00bb<\/span><\/span><\/h3><div class=\"w-separator size_small\"><\/div><div class=\"w-hwrapper valign_baseline wrap align_none\" style=\"--hwrapper-gap:0rem\"><div class=\"w-text us_custom_4d606ea2\"><span class=\"w-text-h\"><span class=\"w-text-value\">$170<\/span><\/span><\/div><\/div><div class=\"w-separator size_small\"><\/div><div class=\"wpb_text_column\"><div class=\"wpb_wrapper\"><p>Petits pieds pour de grandes aventures.<\/p>\n<\/div><\/div><div class=\"w-separator size_small\"><\/div><div class=\"w-btn-wrapper align_none\"><a class=\"w-btn us-btn-style_4\" href=\"https:\/\/photomontpix.com\/fr\/pages\/contact\/\"><span class=\"w-btn-label\">contact<\/span><\/a><\/div><div class=\"w-separator size_huge\"><\/div><\/div><\/div><div data-us-scroll=\"{&quot;from_initial_position&quot;:&quot;0&quot;,&quot;start_position&quot;:&quot;0%&quot;,&quot;end_position&quot;:&quot;100%&quot;,&quot;delay&quot;:&quot;0.1s&quot;,&quot;translate_y_direction&quot;:&quot;up&quot;,&quot;translate_y_speed&quot;:&quot;0.3x&quot;}\" class=\"wpb_column vc_column_container us_custom_809978c7 has_text_color has_scroll_effects has_translate_y has_bg_color\"><div class=\"vc_column-inner\"><div class=\"w-separator size_huge\"><\/div><h3 class=\"w-text us_custom_910a86bf\"><span class=\"w-text-h\"><span class=\"w-text-value\">Forfait \u00abJourn\u00e9es Merveilleuses\u00bb<\/span><\/span><\/h3><div class=\"w-separator size_small\"><\/div><div class=\"w-hwrapper valign_baseline wrap align_none\" style=\"--hwrapper-gap:0rem\"><div class=\"w-text us_custom_c0a58e6e\"><span class=\"w-text-h\"><span class=\"w-text-value\">$260<\/span><\/span><\/div><\/div><div class=\"w-separator size_small\"><\/div><div class=\"wpb_text_column\"><div class=\"wpb_wrapper\"><p>Immortaliser la curiosit\u00e9, les \u00e9clats de rire et la joie.<\/p>\n<p>&nbsp;<\/p>\n<\/div><\/div><div class=\"w-separator size_small\"><\/div><div class=\"w-btn-wrapper align_none\"><a class=\"w-btn us-btn-style_4\" href=\"https:\/\/photomontpix.com\/fr\/pages\/contact\/\"><span class=\"w-btn-label\">contact<\/span><\/a><\/div><div class=\"w-separator size_huge\"><\/div><\/div><\/div><\/div><\/div><\/div><\/div><\/div><\/section>","protected":false},"excerpt":{"rendered":"Choose Your Perfect Photography PackageBirthdays &amp; family fun days &nbsp; \u201cLittle Spark\u201d Plan$170Short, sweet, and full of birthday giggles. contact\u201cCake &#038; Magic\u201d Plan$260Where confetti meets pure joy &nbsp; contactfamily fun days &nbsp; \u201cTogether\u201d Plan$170Capturing love, laughter, and togetherness. contact\u201cForever Family\u201d Plan$260Because family moments deserve forever. &nbsp; contactTiny dreams, endless love &nbsp; \u201cTiny Dream\u201d Plan$170Soft light,...","protected":false},"author":1,"featured_media":0,"parent":0,"menu_order":0,"comment_status":"closed","ping_status":"closed","template":"","meta":{"_acf_changed":false,"footnotes":""},"class_list":["post-9423","page","type-page","status-publish","hentry"],"acf":[],"_links":{"self":[{"href":"https:\/\/photomontpix.com\/fr\/wp-json\/wp\/v2\/pages\/9423","targetHints":{"allow":["GET"]}}],"collection":[{"href":"https:\/\/photomontpix.com\/fr\/wp-json\/wp\/v2\/pages"}],"about":[{"href":"https:\/\/photomontpix.com\/fr\/wp-json\/wp\/v2\/types\/page"}],"author":[{"embeddable":true,"href":"https:\/\/photomontpix.com\/fr\/wp-json\/wp\/v2\/users\/1"}],"replies":[{"embeddable":true,"href":"https:\/\/photomontpix.com\/fr\/wp-json\/wp\/v2\/comments?post=9423"}],"version-history":[{"count":10,"href":"https:\/\/photomontpix.com\/fr\/wp-json\/wp\/v2\/pages\/9423\/revisions"}],"predecessor-version":[{"id":9436,"href":"https:\/\/photomontpix.com\/fr\/wp-json\/wp\/v2\/pages\/9423\/revisions\/9436"}],"wp:attachment":[{"href":"https:\/\/photomontpix.com\/fr\/wp-json\/wp\/v2\/media?parent=9423"}],"curies":[{"name":"wp","href":"https:\/\/api.w.org\/{rel}","templated":true}]}}